{"id":80,"date":"2011-07-12T10:11:53","date_gmt":"2011-07-12T10:11:53","guid":{"rendered":"http:\/\/www.camaeleon.org\/?page_id=80"},"modified":"2024-07-01T18:59:59","modified_gmt":"2024-07-01T16:59:59","slug":"mentions-legales","status":"publish","type":"page","link":"https:\/\/www.camaeleon.org\/en\/mentions-legales\/","title":{"rendered":"About us"},"content":{"rendered":"<h4>Angaben gem\u00e4\u00df \u00a7 5 TMG:<\/h4>\n<p style=\"text-align: left;\">Cam\u00e4l\u00e9on ist das Online-Sch\u00fclermagazin am <a href=\"http:\/\/dfg-lfa.org\/\">Deutsch-Franz\u00f6sischen Gymnasium Saarbr\u00fccken<\/a>.<\/p>\n<p style=\"text-align: left;\">Redaktion &#8220;Cam\u00e4l\u00e9on&#8221;<br \/>\nDeutsch-Franz\u00f6sisches Gymnasium<br \/>\nHalbergstr. 112<br \/>\nD \u2013 66121 Saarbr\u00fccken<br \/>\nTel.: (0049) (0)681 996 81 0<br \/>\nFax: (0049) (0)681 996 81 40<br \/>\nE-Mail: info [at] camaeleon.org<\/p>\n<h4 style=\"text-align: left;\"><strong>Verantwortliche f\u00fcr <strong><strong><strong><strong><strong><strong><strong><strong><strong><strong><strong><strong>das Sch\u00fclermagazin<\/strong><\/strong><\/strong><\/strong><\/strong><\/strong><\/strong><\/strong><\/strong><\/strong><\/strong><\/strong> im Sinne des \u00a7 55 Abs. 2 RStV:<\/strong><\/h4>\n<p style=\"text-align: left;\">Frau Nad\u00e8ge Deguilhem &amp; Herr Stefan Pfefferle<br \/>\nDeutsch-Franz\u00f6sisches Gymnasium<br \/>\nHalbergstr. 112<br \/>\nD \u2013 66121 Saarbr\u00fccken<\/p>\n<h4 style=\"text-align: left;\">Haftungsausschluss (Disclaimer):<\/h4>\n<p><strong>Haftung f\u00fcr Inhalte<\/strong><\/p>\n<p>Als Diensteanbieter sind wir gem\u00e4\u00df \u00a7 7 Abs.1 TMG f\u00fcr eigene Inhalte auf diesen Seiten nach den allgemeinen Gesetzen verantwortlich. Nach \u00a7\u00a7 8 bis 10 TMG sind wir als Diensteanbieter jedoch nicht verpflichtet, \u00fcbermittelte oder gespeicherte fremde Informationen zu \u00fcberwachen oder nach Umst\u00e4nden zu forschen, die auf eine rechtswidrige T\u00e4tigkeit hinweisen. Verpflichtungen zur Entfernung oder Sperrung der Nutzung von Informationen nach den allgemeinen Gesetzen bleiben hiervon unber\u00fchrt. Eine diesbez\u00fcgliche Haftung ist jedoch erst ab dem Zeitpunkt der Kenntnis einer konkreten Rechtsverletzung m\u00f6glich. Bei Bekanntwerden von entsprechenden Rechtsverletzungen werden wir diese Inhalte umgehend entfernen.<\/p>\n<p><strong>Haftung f\u00fcr Links<\/strong><\/p>\n<p>Unser Angebot enth\u00e4lt Links zu externen Webseiten Dritter, auf deren Inhalte wir keinen Einfluss haben. Deshalb k\u00f6nnen wir f\u00fcr diese fremden Inhalte auch keine Gew\u00e4hr \u00fcbernehmen. F\u00fcr die Inhalte der verlinkten Seiten ist stets der jeweilige Anbieter oder Betreiber der Seiten verantwortlich. Die verlinkten Seiten wurden zum Zeitpunkt der Verlinkung auf m\u00f6gliche Rechtsverst\u00f6\u00dfe \u00fcberpr\u00fcft. Rechtswidrige Inhalte waren zum Zeitpunkt der Verlinkung nicht erkennbar. Eine permanente inhaltliche Kontrolle der verlinkten Seiten ist jedoch ohne konkrete Anhaltspunkte einer Rechtsverletzung nicht zumutbar. Bei Bekanntwerden von Rechtsverletzungen werden wir derartige Links umgehend entfernen.<\/p>\n<p><strong>Urheberrecht<\/strong><\/p>\n<p>Die durch die Seitenbetreiber erstellten Inhalte und Werke auf diesen Seiten unterliegen dem deutschen Urheberrecht. Die Vervielf\u00e4ltigung, Bearbeitung, Verbreitung und jede Art der Verwertung au\u00dferhalb der Grenzen des Urheberrechtes bed\u00fcrfen der schriftlichen Zustimmung des jeweiligen Autors bzw. Erstellers. Downloads und Kopien dieser Seite sind nur f\u00fcr den privaten, nicht kommerziellen Gebrauch gestattet. Soweit die Inhalte auf dieser Seite nicht vom Betreiber erstellt wurden, werden die Urheberrechte Dritter beachtet. Insbesondere werden Inhalte Dritter als solche gekennzeichnet. Sollten Sie trotzdem auf eine Urheberrechtsverletzung aufmerksam werden, bitten wir um einen entsprechenden Hinweis. Bei Bekanntwerden von Rechtsverletzungen werden wir derartige Inhalte umgehend entfernen.<\/p>\n<p>Quelle: <em><a href=\"https:\/\/www.e-recht24.de\/impressum-generator.html\" rel=\"nofollow\">www.e-recht24.de<\/a><\/em><\/p>\n<p style=\"text-align: left;\">Bildquellen: eigenes Bildmaterial, <a href=\"http:\/\/www.pixelio.de\">pixelio.de<\/a>, <a href=\"http:\/\/www.freeimages.com\/\">freeimages.com<\/a>, <a href=\"https:\/\/pixabay.com\">pixabay.com<\/a>, <a href=\"http:\/\/commons.wikimedia.org\">commons.wikimedia.org<\/a><\/p>\n<h4>Datenschutzerkl\u00e4rung:<\/h4>\n<p><strong>Verantwortliche Stelle im Sinne der Datenschutzgesetze ist:<\/strong><\/p>\n<p>Redaktion \u201cCam\u00e4l\u00e9on\u201d<br \/>\nDeutsch-Franz\u00f6sisches Gymnasium<br \/>\nHalbergstr. 112<br \/>\nD \u2013 66121 Saarbr\u00fccken<br \/>\nTel.: (0049) (0)681 996 81 0<br \/>\nFax: (0049) (0)681 996 81 40<br \/>\nE-Mail: info [at] camaeleon.org<\/p>\n<p><strong>Allgemeine Informationen<\/strong><\/p>\n<p>Die Betreiber dieser Seiten nehmen den Schutz deiner pers\u00f6nlichen Daten sehr ernst. Wir behandeln deine personenbezogenen Daten vertraulich und entsprechend der gesetzlichen Datenschutzvorschriften sowie dieser Datenschutzerkl\u00e4rung.<\/p>\n<p>Die Nutzung unserer Webseite ist in der Regel ohne Angabe personenbezogener Daten m\u00f6glich. Soweit auf unseren Seiten personenbezogene Daten (beispielsweise Name oder E-Mail-Adressen) erhoben werden, erfolgt dies, soweit m\u00f6glich, stets auf freiwilliger Basis. Diese Daten werden ohne deine ausdr\u00fcckliche Zustimmung nicht an Dritte weitergegeben.<\/p>\n<p>Wir weisen darauf hin, dass die Daten\u00fcbertragung im Internet (z.B. bei der Kommunikation per E-Mail) Sicherheitsl\u00fccken aufweisen kann. Ein l\u00fcckenloser Schutz der Daten vor dem Zugriff durch Dritte ist nicht m\u00f6glich.<\/p>\n<p>Diese Webseite wird bei ALL-INKL.COM &#8211; Neue Medien M\u00fcnnich auf Servern in Deutschland gehostet. Wenn du diese Webseite besuchst, werden automatisch einige Daten an den Webserver \u00fcbertragen und dort gespeichert. Dies ist zur Anzeige dieser Webseite technisch erforderlich und beschr\u00e4nkt sich auf den daf\u00fcr notwendigen Umfang. Es handelt sich insbesondere um folgende Informationen: die Referrer-URL (die Webseite, von der du kommst) \/ die IP-Adresse des Ger\u00e4tes, mit dem du auf die Webseite zugreifst \/ den verwendeten Browser \/ Uhrzeit und Datum \/ das verwendete Betriebssystem. Diese Informationen dienen dazu, diese Webseite \u00fcberhaupt anbieten zu k\u00f6nnen.<\/p>\n<p><strong>SSL-Verschl\u00fcsselung<\/strong><\/p>\n<p>Um die Sicherheit deiner Daten bei der \u00dcbertragung zu sch\u00fctzen, verwenden wir dem aktuellen Stand der Technik entsprechende Verschl\u00fcsselungsverfahren (z. B. SSL) \u00fcber HTTPS.<\/p>\n<p><strong>Kontaktformular<\/strong><\/p>\n<p>Wenn du uns per Kontaktformular Anfragen zukommen l\u00e4sst, werden deine Angaben aus dem Anfrageformular inklusive der von dir dort angegebenen Kontaktdaten \u00fcbertragen und zwecks Bearbeitung der Anfrage bei uns gespeichert. Diese Daten geben wir nicht ohne deine Einwilligung weiter.<\/p>\n<p><strong>Kommentarfunktion<br \/>\n<\/strong><\/p>\n<p>F\u00fcr die Kommentarfunktion auf dieser Seite werden neben deinem Kommentar auch Angaben zum Zeitpunkt der Erstellung des Kommentars und der von dir gew\u00e4hlte Nutzername gespeichert.<\/p>\n<p>Die Kommentare und die damit verbundenen Daten werden gespeichert und verbleiben auf unserer Website, bis der kommentierte Inhalt vollst\u00e4ndig gel\u00f6scht wurde oder die Kommentare aus rechtlichen Gr\u00fcnden gel\u00f6scht werden m\u00fcssen.<\/p>\n<p>Die Speicherung der Kommentare erfolgt auf Grundlage deiner Einwilligung. Du kannst eine von dir erteilte Einwilligung jederzeit widerrufen. Dazu reicht eine formlose Mitteilung per E-Mail an uns. Die Rechtm\u00e4\u00dfigkeit der bereits erfolgten Datenverarbeitungsvorg\u00e4nge bleibt vom Widerruf unber\u00fchrt.<\/p>\n<p><strong>Buttons zum Teilen der Beitr\u00e4ge<\/strong><\/p>\n<p>Unter den Artikeln befinden sich Schaltfl\u00e4chen, mit denen Beitr\u00e4ge \u00fcber WhatsApp, Facebook, Twitter, Threema, Mastodon, Telegram, Pinterest sowie per E-Mail geteilt werden k\u00f6nnen. Bei diesen Schaltfl\u00e4chen handelt es sich nicht um \u201eSocial Plugins\u201c, sondern um blo\u00dfe Links, die mittels des Plugins <a href=\"http:\/\/www.heise.de\/ct\/artikel\/Shariff-Social-Media-Buttons-mit-Datenschutz-2467514.html\">Shariff Wrapper<\/a> generiert werden. Sofern du die Schaltfl\u00e4chen nicht benutzt, werden keinerlei Daten an die genannten Unternehmen \u00fcbertragen. Dein Surfverhalten auf dieser Webseite kann somit von diesen Unternehmen nicht verfolgt werden. Nur wenn du dich entschlie\u00dfst, die Buttons zu nutzen, um Artikel zu teilen (und dich dazu ggf. bei den genannten Seiten einloggst), erh\u00e4lt das betreffende Unternehmen \u2013 z.B. Twitter, wenn du auf den Twitter-Button klickst \u2013 die Information, dass du den entsprechenden Artikel auf dieser Webseite angesehen hast.<\/p>\n<p><strong>Einsatz des Cookies &#8220;qtrans_front_language&#8221;<br \/>\n<\/strong><\/p>\n<p>Auf dieser Webseite wird das Cookie \u201cqtrans_front_language\u201d eingesetzt. Das Cookie ist eine kleine Textdateien, die von einem Webseitenserver auf deine Festplatte \u00fcbertragen wird. Dieses dient dazu, die mit einem Klick auf die entsprechende Flagge ausgew\u00e4hlte Sprache (Deutsch, Franz\u00f6sisch oder Englisch) des Webseitenbesuchers zu speichern. Die Verwendung des Cookies ist <a href=\"https:\/\/qtranslatexteam.wordpress.com\/browser-redirection-based-on-language\/\">laut Plugin-Programmierer technisch notwendig<\/a>, um das einwandfreie Umschalten zwischen den verschiedenen Sprachversionen zu erm\u00f6glichen. Dieses Cookie verfolgt deine pers\u00f6nlichen Daten nicht.<\/p>\n<p>Du kannst die Verwendung von Cookies jederzeit \u00fcber die Einstellungen deines Browsers deaktivieren. Bitte verwende die Hilfefunktionen deines Internetbrowsers, um zu erfahren, wie du diese Einstellungen \u00e4ndern kannst.<\/p>\n<p><strong>Sicherheitsplugin Wordfence<\/strong><\/p>\n<p>Auf dieser Website wird das Plugin Wordfence des Unternehmens Defiant, Inc. 800 5th Ave Ste 4100, Seattle, WA 98104 eingesetzt. Es handelt sich um eine Online-Firewall zum Zwecke des Schutzes dieser Webseite vor Cyberangriffen. Dazu werden die IP-Adressen der Webseiten-Besucher, inklusive besuchter Seiten und benutzter Browser gespeichert und auf Wordfence-Servern in den USA verarbeitet. Dies ist erforderlich, um unsere Systemsicherheit zu gew\u00e4hrleisten. Dies liegt in unserem \u00fcberwiegenden, berechtigten Interesse (Art. 6 (1)f EU-DSGVO). Wir haben Defiant \u00fcber einen Auftragsdatenverarbeitungsvertrag zum datenschutzkonformen Umgang mit deinen Daten verpflichtet. Weitere Informationen zur Datenverarbeitung durch Wordfence finden sich <a href=\"https:\/\/www.wordfence.com\/privacy-policy\/\">hier<\/a>.<\/p>\n<p><strong>Eingebettete YouTube-Videos<\/strong><\/p>\n<p>Auf einigen Artikelseiten sind YouTube-Videos mit Hilfe des Plugins <a href=\"https:\/\/de.wordpress.org\/plugins\/wp-youtube-lyte\/\">YouTube Lyte<\/a> eingebettet. Mit dessen Hilfe ist es m\u00f6glich, eine sonst unvermeidliche automatische Daten\u00fcbermittlung zum YouTube-Server zu verhindern. Erst beim Klick auf den Play-Button wird eine Verbindung zum YouTube-Netzwerk hergestellt, wordurch weitere Datenverarbeitungsvorg\u00e4nge ausgel\u00f6st werden, auf die wir als Webseitenbetreiber keinen Einfluss mehr haben.<\/p>\n<p><strong>Deine Rechte auf Auskunft, Berichtigung, Sperre, L\u00f6schung und Widerspruch<\/strong><\/p>\n<p>Du hast das Recht, jederzeit Auskunft \u00fcber deine bei uns gespeicherten personenbezogenen Daten zu erhalten. Ebenso hast du das Recht auf Berichtigung, Sperrung oder L\u00f6schung deiner personenbezogenen Daten. Die Kontaktdaten findest du ganz oben.<\/p>\n<p><strong>\u00c4nderung unserer Datenschutzbestimmungen<\/strong><\/p>\n<p>Wir behalten uns vor, diese Datenschutzerkl\u00e4rung gelegentlich anzupassen, damit sie stets den aktuellen rechtlichen Anforderungen entspricht. F\u00fcr deinen erneuten Besuch gilt dann die neue Datenschutzerkl\u00e4rung.<\/p>\n<p><strong>Fragen zu den Datenschutzma\u00dfnahmen<\/strong><\/p>\n<p>Wenn du Fragen zu den Datenschutzma\u00dfnahmen hast, schreibe uns bitte eine E-Mail.<\/p>\n<p><em>Die Datenschutzerkl\u00e4rung wurde mit dem <a href=\"https:\/\/www.activemind.de\/generatoren\/datenschutzerklaerung\/\">Datenschutzerkl\u00e4rungs-Generator der activeMind AG <\/a><\/em><em> und der Seite <a href=\"https:\/\/www.e-recht24.de\">www.e-recht24.de<\/a> erstellt und teilweise modifiziert, um sie den Gegebenheiten dieser Webseite anzupassen.<\/em><\/p>\n","protected":false},"excerpt":{"rendered":"<p>Angaben gem\u00e4\u00df \u00a7 5 TMG: Cam\u00e4l\u00e9on ist das Online-Sch\u00fclermagazin am Deutsch-Franz\u00f6sischen Gymnasium Saarbr\u00fccken. Redaktion &#8220;Cam\u00e4l\u00e9on&#8221; Deutsch-Franz\u00f6sisches Gymnasium Halbergstr. 112 D \u2013 66121 Saarbr\u00fccken Tel.: (0049)<\/p>\n","protected":false},"author":112,"featured_media":0,"parent":0,"menu_order":5,"comment_status":"closed","ping_status":"closed","template":"","meta":{"colormag_page_container_layout":"default_layout","colormag_page_sidebar_layout":"default_layout","footnotes":""},"coauthors":[748],"class_list":["post-80","page","type-page","status-publish","hentry"],"yoast_head":"<!-- This site is optimized with the Yoast SEO plugin v27.3 - https:\/\/yoast.com\/product\/yoast-seo-wordpress\/ -->\n<title>About us - Cam\u00e4l\u00e9on<\/title>\n<meta name=\"description\" content=\"Angaben gem\u00e4\u00df \u00a7 5 TMG: Cam\u00e4l\u00e9on ist das Online-Sch\u00fclermagazin am Deutsch-Franz\u00f6sischen Gymnasium Saarbr\u00fccken. Redaktion &quot;Cam\u00e4l\u00e9on&quot;Deutsch-Franz\u00f6sisches Gymnasium Halbergstr. 11 2D \u2013 66121 Saarbr\u00fccken Tel.: (0049) (0)681 996 81 0 Fax: (0049) (0)681 996 81 40 E-Mail: info [at] camaeleon.org Verantwortliche f\u00fcr das Sch\u00fclermagazin im Sinne des \u00a7 55 Abs. 2 RStV: Frau Nad\u00e8ge Deguilhem &amp; Frau Caroline K\u00f6wenig &amp; Herr Stefan Pfefferle Deutsch-Franz\u00f6sisches Gymnasium Halbergstr. 112 D \u2013 66121 Saarbr\u00fccken\" \/>\n<meta name=\"robots\" content=\"noindex, nofollow\" \/>\n<meta property=\"og:locale\" content=\"en_US\" \/>\n<meta property=\"og:type\" content=\"article\" \/>\n<meta property=\"og:title\" content=\"About us - Cam\u00e4l\u00e9on\" \/>\n<meta property=\"og:description\" content=\"Angaben gem\u00e4\u00df \u00a7 5 TMG: Cam\u00e4l\u00e9on ist das Online-Sch\u00fclermagazin am Deutsch-Franz\u00f6sischen Gymnasium Saarbr\u00fccken. Redaktion &quot;Cam\u00e4l\u00e9on&quot;Deutsch-Franz\u00f6sisches Gymnasium Halbergstr. 11 2D \u2013 66121 Saarbr\u00fccken Tel.: (0049) (0)681 996 81 0 Fax: (0049) (0)681 996 81 40 E-Mail: info [at] camaeleon.org Verantwortliche f\u00fcr das Sch\u00fclermagazin im Sinne des \u00a7 55 Abs. 2 RStV: Frau Nad\u00e8ge Deguilhem &amp; Frau Caroline K\u00f6wenig &amp; Herr Stefan Pfefferle Deutsch-Franz\u00f6sisches Gymnasium Halbergstr. 112 D \u2013 66121 Saarbr\u00fccken\" \/>\n<meta property=\"og:url\" content=\"https:\/\/www.camaeleon.org\/en\/mentions-legales\/\" \/>\n<meta property=\"og:site_name\" content=\"Cam\u00e4l\u00e9on\" \/>\n<meta property=\"article:publisher\" content=\"https:\/\/www.facebook.com\/camaeleon.org\/\" \/>\n<meta property=\"article:modified_time\" content=\"2024-07-01T16:59:59+00:00\" \/>\n<meta property=\"og:image\" content=\"https:\/\/www.camaeleon.org\/wp-content\/uploads\/2021\/12\/camaeleon-app-startbild-Kopie-scaled.jpg\" \/>\n\t<meta property=\"og:image:width\" content=\"1707\" \/>\n\t<meta property=\"og:image:height\" content=\"2560\" \/>\n\t<meta property=\"og:image:type\" content=\"image\/jpeg\" \/>\n<meta name=\"twitter:card\" content=\"summary_large_image\" \/>\n<meta name=\"twitter:site\" content=\"@camaeleonOrg\" \/>\n<script type=\"application\/ld+json\" class=\"yoast-schema-graph\">{\"@context\":\"https:\\\/\\\/schema.org\",\"@graph\":[{\"@type\":\"WebPage\",\"@id\":\"https:\\\/\\\/www.camaeleon.org\\\/en\\\/mentions-legales\\\/\",\"url\":\"https:\\\/\\\/www.camaeleon.org\\\/en\\\/mentions-legales\\\/\",\"name\":\"About us - Cam\u00e4l\u00e9on\",\"isPartOf\":{\"@id\":\"https:\\\/\\\/www.camaeleon.org\\\/en\\\/#website\"},\"datePublished\":\"2011-07-12T10:11:53+00:00\",\"dateModified\":\"2024-07-01T16:59:59+00:00\",\"description\":\"Angaben gem\u00e4\u00df \u00a7 5 TMG: Cam\u00e4l\u00e9on ist das Online-Sch\u00fclermagazin am Deutsch-Franz\u00f6sischen Gymnasium Saarbr\u00fccken. Redaktion \\\"Cam\u00e4l\u00e9on\\\"Deutsch-Franz\u00f6sisches Gymnasium Halbergstr. 11 2D \u2013 66121 Saarbr\u00fccken Tel.: (0049) (0)681 996 81 0 Fax: (0049) (0)681 996 81 40 E-Mail: info [at] camaeleon.org Verantwortliche f\u00fcr das Sch\u00fclermagazin im Sinne des \u00a7 55 Abs. 2 RStV: Frau Nad\u00e8ge Deguilhem & Frau Caroline K\u00f6wenig & Herr Stefan Pfefferle Deutsch-Franz\u00f6sisches Gymnasium Halbergstr. 112 D \u2013 66121 Saarbr\u00fccken\",\"breadcrumb\":{\"@id\":\"https:\\\/\\\/www.camaeleon.org\\\/en\\\/mentions-legales\\\/#breadcrumb\"},\"inLanguage\":\"en-US\",\"potentialAction\":[{\"@type\":\"ReadAction\",\"target\":[[\"https:\\\/\\\/www.camaeleon.org\\\/en\\\/mentions-legales\\\/\"]]}]},{\"@type\":\"BreadcrumbList\",\"@id\":\"https:\\\/\\\/www.camaeleon.org\\\/en\\\/mentions-legales\\\/#breadcrumb\",\"itemListElement\":[{\"@type\":\"ListItem\",\"position\":1,\"name\":\"Home\",\"item\":\"https:\\\/\\\/www.camaeleon.org\\\/en\\\/\"},{\"@type\":\"ListItem\",\"position\":2,\"name\":\"Impressum\"}]},{\"@type\":\"WebSite\",\"@id\":\"https:\\\/\\\/www.camaeleon.org\\\/en\\\/#website\",\"url\":\"https:\\\/\\\/www.camaeleon.org\\\/en\\\/\",\"name\":\"Cam\u00e4l\u00e9on\",\"description\":\"The online student magazine by Deutsch-Franz\u00f6sisches Gymnasium Saarbr\u00fccken\",\"publisher\":{\"@id\":\"https:\\\/\\\/www.camaeleon.org\\\/en\\\/#organization\"},\"potentialAction\":[{\"@type\":\"SearchAction\",\"target\":{\"@type\":\"EntryPoint\",\"urlTemplate\":\"https:\\\/\\\/www.camaeleon.org\\\/en\\\/?s={search_term_string}\"},\"query-input\":{\"@type\":\"PropertyValueSpecification\",\"valueRequired\":true,\"valueName\":\"search_term_string\"}}],\"inLanguage\":\"en-US\"},{\"@type\":\"Organization\",\"@id\":\"https:\\\/\\\/www.camaeleon.org\\\/en\\\/#organization\",\"name\":\"Cam\u00e4l\u00e9on\",\"url\":\"https:\\\/\\\/www.camaeleon.org\\\/en\\\/\",\"logo\":{\"@type\":\"ImageObject\",\"inLanguage\":\"en-US\",\"@id\":\"https:\\\/\\\/www.camaeleon.org\\\/en\\\/#\\\/schema\\\/logo\\\/image\\\/\",\"url\":\"https:\\\/\\\/www.camaeleon.org\\\/wp-content\\\/uploads\\\/2011\\\/11\\\/CAM\u00c4LEON.jpg\",\"contentUrl\":\"https:\\\/\\\/www.camaeleon.org\\\/wp-content\\\/uploads\\\/2011\\\/11\\\/CAM\u00c4LEON.jpg\",\"width\":959,\"height\":959,\"caption\":\"Cam\u00e4l\u00e9on\"},\"image\":{\"@id\":\"https:\\\/\\\/www.camaeleon.org\\\/en\\\/#\\\/schema\\\/logo\\\/image\\\/\"},\"sameAs\":[\"https:\\\/\\\/www.facebook.com\\\/camaeleon.org\\\/\",\"https:\\\/\\\/x.com\\\/camaeleonOrg\",\"https:\\\/\\\/www.instagram.com\\\/camaeleon.dfg\\\/\",\"https:\\\/\\\/www.youtube.com\\\/channel\\\/UCl3TAUDdGuu_c7CD6ax6hYg\"]}]}<\/script>\n<!-- \/ Yoast SEO plugin. -->","yoast_head_json":{"title":"About us - Cam\u00e4l\u00e9on","description":"Angaben gem\u00e4\u00df \u00a7 5 TMG: Cam\u00e4l\u00e9on ist das Online-Sch\u00fclermagazin am Deutsch-Franz\u00f6sischen Gymnasium Saarbr\u00fccken. Redaktion \"Cam\u00e4l\u00e9on\"Deutsch-Franz\u00f6sisches Gymnasium Halbergstr. 11 2D \u2013 66121 Saarbr\u00fccken Tel.: (0049) (0)681 996 81 0 Fax: (0049) (0)681 996 81 40 E-Mail: info [at] camaeleon.org Verantwortliche f\u00fcr das Sch\u00fclermagazin im Sinne des \u00a7 55 Abs. 2 RStV: Frau Nad\u00e8ge Deguilhem & Frau Caroline K\u00f6wenig & Herr Stefan Pfefferle Deutsch-Franz\u00f6sisches Gymnasium Halbergstr. 112 D \u2013 66121 Saarbr\u00fccken","robots":{"index":"noindex","follow":"nofollow"},"og_locale":"en_US","og_type":"article","og_title":"About us - Cam\u00e4l\u00e9on","og_description":"Angaben gem\u00e4\u00df \u00a7 5 TMG: Cam\u00e4l\u00e9on ist das Online-Sch\u00fclermagazin am Deutsch-Franz\u00f6sischen Gymnasium Saarbr\u00fccken. Redaktion \"Cam\u00e4l\u00e9on\"Deutsch-Franz\u00f6sisches Gymnasium Halbergstr. 11 2D \u2013 66121 Saarbr\u00fccken Tel.: (0049) (0)681 996 81 0 Fax: (0049) (0)681 996 81 40 E-Mail: info [at] camaeleon.org Verantwortliche f\u00fcr das Sch\u00fclermagazin im Sinne des \u00a7 55 Abs. 2 RStV: Frau Nad\u00e8ge Deguilhem & Frau Caroline K\u00f6wenig & Herr Stefan Pfefferle Deutsch-Franz\u00f6sisches Gymnasium Halbergstr. 112 D \u2013 66121 Saarbr\u00fccken","og_url":"https:\/\/www.camaeleon.org\/en\/mentions-legales\/","og_site_name":"Cam\u00e4l\u00e9on","article_publisher":"https:\/\/www.facebook.com\/camaeleon.org\/","article_modified_time":"2024-07-01T16:59:59+00:00","og_image":[{"width":1707,"height":2560,"url":"https:\/\/www.camaeleon.org\/wp-content\/uploads\/2021\/12\/camaeleon-app-startbild-Kopie-scaled.jpg","type":"image\/jpeg"}],"twitter_card":"summary_large_image","twitter_site":"@camaeleonOrg","schema":{"@context":"https:\/\/schema.org","@graph":[{"@type":"WebPage","@id":"https:\/\/www.camaeleon.org\/en\/mentions-legales\/","url":"https:\/\/www.camaeleon.org\/en\/mentions-legales\/","name":"About us - Cam\u00e4l\u00e9on","isPartOf":{"@id":"https:\/\/www.camaeleon.org\/en\/#website"},"datePublished":"2011-07-12T10:11:53+00:00","dateModified":"2024-07-01T16:59:59+00:00","description":"Angaben gem\u00e4\u00df \u00a7 5 TMG: Cam\u00e4l\u00e9on ist das Online-Sch\u00fclermagazin am Deutsch-Franz\u00f6sischen Gymnasium Saarbr\u00fccken. Redaktion \"Cam\u00e4l\u00e9on\"Deutsch-Franz\u00f6sisches Gymnasium Halbergstr. 11 2D \u2013 66121 Saarbr\u00fccken Tel.: (0049) (0)681 996 81 0 Fax: (0049) (0)681 996 81 40 E-Mail: info [at] camaeleon.org Verantwortliche f\u00fcr das Sch\u00fclermagazin im Sinne des \u00a7 55 Abs. 2 RStV: Frau Nad\u00e8ge Deguilhem & Frau Caroline K\u00f6wenig & Herr Stefan Pfefferle Deutsch-Franz\u00f6sisches Gymnasium Halbergstr. 112 D \u2013 66121 Saarbr\u00fccken","breadcrumb":{"@id":"https:\/\/www.camaeleon.org\/en\/mentions-legales\/#breadcrumb"},"inLanguage":"en-US","potentialAction":[{"@type":"ReadAction","target":[["https:\/\/www.camaeleon.org\/en\/mentions-legales\/"]]}]},{"@type":"BreadcrumbList","@id":"https:\/\/www.camaeleon.org\/en\/mentions-legales\/#breadcrumb","itemListElement":[{"@type":"ListItem","position":1,"name":"Home","item":"https:\/\/www.camaeleon.org\/en\/"},{"@type":"ListItem","position":2,"name":"Impressum"}]},{"@type":"WebSite","@id":"https:\/\/www.camaeleon.org\/en\/#website","url":"https:\/\/www.camaeleon.org\/en\/","name":"Cam\u00e4l\u00e9on","description":"The online student magazine by Deutsch-Franz\u00f6sisches Gymnasium Saarbr\u00fccken","publisher":{"@id":"https:\/\/www.camaeleon.org\/en\/#organization"},"potentialAction":[{"@type":"SearchAction","target":{"@type":"EntryPoint","urlTemplate":"https:\/\/www.camaeleon.org\/en\/?s={search_term_string}"},"query-input":{"@type":"PropertyValueSpecification","valueRequired":true,"valueName":"search_term_string"}}],"inLanguage":"en-US"},{"@type":"Organization","@id":"https:\/\/www.camaeleon.org\/en\/#organization","name":"Cam\u00e4l\u00e9on","url":"https:\/\/www.camaeleon.org\/en\/","logo":{"@type":"ImageObject","inLanguage":"en-US","@id":"https:\/\/www.camaeleon.org\/en\/#\/schema\/logo\/image\/","url":"https:\/\/www.camaeleon.org\/wp-content\/uploads\/2011\/11\/CAM\u00c4LEON.jpg","contentUrl":"https:\/\/www.camaeleon.org\/wp-content\/uploads\/2011\/11\/CAM\u00c4LEON.jpg","width":959,"height":959,"caption":"Cam\u00e4l\u00e9on"},"image":{"@id":"https:\/\/www.camaeleon.org\/en\/#\/schema\/logo\/image\/"},"sameAs":["https:\/\/www.facebook.com\/camaeleon.org\/","https:\/\/x.com\/camaeleonOrg","https:\/\/www.instagram.com\/camaeleon.dfg\/","https:\/\/www.youtube.com\/channel\/UCl3TAUDdGuu_c7CD6ax6hYg"]}]}},"_links":{"self":[{"href":"https:\/\/www.camaeleon.org\/en\/wp-json\/wp\/v2\/pages\/80","targetHints":{"allow":["GET"]}}],"collection":[{"href":"https:\/\/www.camaeleon.org\/en\/wp-json\/wp\/v2\/pages"}],"about":[{"href":"https:\/\/www.camaeleon.org\/en\/wp-json\/wp\/v2\/types\/page"}],"author":[{"embeddable":true,"href":"https:\/\/www.camaeleon.org\/en\/wp-json\/wp\/v2\/users\/112"}],"replies":[{"embeddable":true,"href":"https:\/\/www.camaeleon.org\/en\/wp-json\/wp\/v2\/comments?post=80"}],"version-history":[{"count":6,"href":"https:\/\/www.camaeleon.org\/en\/wp-json\/wp\/v2\/pages\/80\/revisions"}],"predecessor-version":[{"id":31377,"href":"https:\/\/www.camaeleon.org\/en\/wp-json\/wp\/v2\/pages\/80\/revisions\/31377"}],"wp:attachment":[{"href":"https:\/\/www.camaeleon.org\/en\/wp-json\/wp\/v2\/media?parent=80"}],"wp:term":[{"taxonomy":"author","embeddable":true,"href":"https:\/\/www.camaeleon.org\/en\/wp-json\/wp\/v2\/coauthors?post=80"}],"curies":[{"name":"wp","href":"https:\/\/api.w.org\/{rel}","templated":true}]}}