{"id":11093,"date":"2016-02-21T15:38:50","date_gmt":"2016-02-21T14:38:50","guid":{"rendered":"http:\/\/www.camaeleon.org\/?page_id=11093"},"modified":"2025-01-01T21:43:03","modified_gmt":"2025-01-01T20:43:03","slug":"wie-steige-ich-ich-den-artikel-ein-teaser-bzw-erster-absatz","status":"publish","type":"page","link":"https:\/\/www.camaeleon.org\/en\/handbuch-fuer-camaeleon-redakteure\/wie-steige-ich-ich-den-artikel-ein-teaser-bzw-erster-absatz\/","title":{"rendered":"Wie steige ich ich den Artikel ein? (Teaser bzw. erster Absatz)"},"content":{"rendered":"","protected":true},"excerpt":{"rendered":"","protected":true},"author":112,"featured_media":0,"parent":11080,"menu_order":6,"comment_status":"closed","ping_status":"closed","template":"","meta":{"colormag_page_container_layout":"default_layout","colormag_page_sidebar_layout":"default_layout","footnotes":""},"coauthors":[748],"class_list":["post-11093","page","type-page","status-publish","post-password-required","hentry"],"yoast_head":"<!-- This site is optimized with the Yoast SEO plugin v27.4 - https:\/\/yoast.com\/product\/yoast-seo-wordpress\/ -->\n<title>Wie steige ich ich den Artikel ein? (Teaser bzw. erster Absatz) - Cam\u00e4l\u00e9on<\/title>\n<meta name=\"description\" content=\"Gib dir mit dem ersten Satz (den ersten W\u00f6rtern) besonders viel M\u00fche. Denn der Einstieg entscheidet dar\u00fcber, ob das Interesse des Lesers geweckt wird. Du k\u00fcndigst dabei ein, von welchem Thema der Text handelt. Dabei solltest du aber darauf achten, dass du nicht gleich alles Wissenwerte am Anfang verr\u00e4tst.\" \/>\n<meta name=\"robots\" content=\"index, follow, max-snippet:-1, max-image-preview:large, max-video-preview:-1\" \/>\n<link rel=\"canonical\" href=\"https:\/\/www.camaeleon.org\/en\/handbuch-fuer-camaeleon-redakteure\/wie-steige-ich-ich-den-artikel-ein-teaser-bzw-erster-absatz\/\" \/>\n<meta property=\"og:locale\" content=\"en_US\" \/>\n<meta property=\"og:type\" content=\"article\" \/>\n<meta property=\"og:title\" content=\"Wie steige ich ich den Artikel ein? (Teaser bzw. erster Absatz) - Cam\u00e4l\u00e9on\" \/>\n<meta property=\"og:description\" content=\"Gib dir mit dem ersten Satz (den ersten W\u00f6rtern) besonders viel M\u00fche. Denn der Einstieg entscheidet dar\u00fcber, ob das Interesse des Lesers geweckt wird. Du k\u00fcndigst dabei ein, von welchem Thema der Text handelt. Dabei solltest du aber darauf achten, dass du nicht gleich alles Wissenwerte am Anfang verr\u00e4tst.\" \/>\n<meta property=\"og:url\" content=\"https:\/\/www.camaeleon.org\/en\/handbuch-fuer-camaeleon-redakteure\/wie-steige-ich-ich-den-artikel-ein-teaser-bzw-erster-absatz\/\" \/>\n<meta property=\"og:site_name\" content=\"Cam\u00e4l\u00e9on\" \/>\n<meta property=\"article:publisher\" content=\"https:\/\/www.facebook.com\/camaeleon.org\/\" \/>\n<meta property=\"article:modified_time\" content=\"2025-01-01T20:43:03+00:00\" \/>\n<meta name=\"twitter:card\" content=\"summary_large_image\" \/>\n<meta name=\"twitter:site\" content=\"@camaeleonOrg\" \/>\n<script type=\"application\/ld+json\" class=\"yoast-schema-graph\">{\"@context\":\"https:\\\/\\\/schema.org\",\"@graph\":[{\"@type\":\"WebPage\",\"@id\":\"https:\\\/\\\/www.camaeleon.org\\\/en\\\/handbuch-fuer-camaeleon-redakteure\\\/wie-steige-ich-ich-den-artikel-ein-teaser-bzw-erster-absatz\\\/\",\"url\":\"https:\\\/\\\/www.camaeleon.org\\\/en\\\/handbuch-fuer-camaeleon-redakteure\\\/wie-steige-ich-ich-den-artikel-ein-teaser-bzw-erster-absatz\\\/\",\"name\":\"Wie steige ich ich den Artikel ein? (Teaser bzw. erster Absatz) - Cam\u00e4l\u00e9on\",\"isPartOf\":{\"@id\":\"https:\\\/\\\/www.camaeleon.org\\\/en\\\/#website\"},\"datePublished\":\"2016-02-21T14:38:50+00:00\",\"dateModified\":\"2025-01-01T20:43:03+00:00\",\"breadcrumb\":{\"@id\":\"https:\\\/\\\/www.camaeleon.org\\\/en\\\/handbuch-fuer-camaeleon-redakteure\\\/wie-steige-ich-ich-den-artikel-ein-teaser-bzw-erster-absatz\\\/#breadcrumb\"},\"inLanguage\":\"en-US\"},{\"@type\":\"WebSite\",\"@id\":\"https:\\\/\\\/www.camaeleon.org\\\/en\\\/#website\",\"url\":\"https:\\\/\\\/www.camaeleon.org\\\/en\\\/\",\"name\":\"Cam\u00e4l\u00e9on\",\"description\":\"The online student magazine by Deutsch-Franz\u00f6sisches Gymnasium Saarbr\u00fccken\",\"publisher\":{\"@id\":\"https:\\\/\\\/www.camaeleon.org\\\/en\\\/#organization\"},\"potentialAction\":[{\"@type\":\"SearchAction\",\"target\":{\"@type\":\"EntryPoint\",\"urlTemplate\":\"https:\\\/\\\/www.camaeleon.org\\\/en\\\/?s={search_term_string}\"},\"query-input\":{\"@type\":\"PropertyValueSpecification\",\"valueRequired\":true,\"valueName\":\"search_term_string\"}}],\"inLanguage\":\"en-US\"},{\"@type\":\"Organization\",\"@id\":\"https:\\\/\\\/www.camaeleon.org\\\/en\\\/#organization\",\"name\":\"Cam\u00e4l\u00e9on\",\"url\":\"https:\\\/\\\/www.camaeleon.org\\\/en\\\/\",\"logo\":{\"@type\":\"ImageObject\",\"inLanguage\":\"en-US\",\"@id\":\"https:\\\/\\\/www.camaeleon.org\\\/en\\\/#\\\/schema\\\/logo\\\/image\\\/\",\"url\":\"https:\\\/\\\/www.camaeleon.org\\\/wp-content\\\/uploads\\\/2011\\\/11\\\/CAM\u00c4LEON.jpg\",\"contentUrl\":\"https:\\\/\\\/www.camaeleon.org\\\/wp-content\\\/uploads\\\/2011\\\/11\\\/CAM\u00c4LEON.jpg\",\"width\":959,\"height\":959,\"caption\":\"Cam\u00e4l\u00e9on\"},\"image\":{\"@id\":\"https:\\\/\\\/www.camaeleon.org\\\/en\\\/#\\\/schema\\\/logo\\\/image\\\/\"},\"sameAs\":[\"https:\\\/\\\/www.facebook.com\\\/camaeleon.org\\\/\",\"https:\\\/\\\/x.com\\\/camaeleonOrg\",\"https:\\\/\\\/www.instagram.com\\\/camaeleon.dfg\\\/\",\"https:\\\/\\\/www.youtube.com\\\/channel\\\/UCl3TAUDdGuu_c7CD6ax6hYg\"]}]}<\/script>\n<!-- \/ Yoast SEO plugin. -->","yoast_head_json":{"title":"Wie steige ich ich den Artikel ein? (Teaser bzw. erster Absatz) - Cam\u00e4l\u00e9on","description":"Gib dir mit dem ersten Satz (den ersten W\u00f6rtern) besonders viel M\u00fche. Denn der Einstieg entscheidet dar\u00fcber, ob das Interesse des Lesers geweckt wird. Du k\u00fcndigst dabei ein, von welchem Thema der Text handelt. Dabei solltest du aber darauf achten, dass du nicht gleich alles Wissenwerte am Anfang verr\u00e4tst.","robots":{"index":"index","follow":"follow","max-snippet":"max-snippet:-1","max-image-preview":"max-image-preview:large","max-video-preview":"max-video-preview:-1"},"canonical":"https:\/\/www.camaeleon.org\/en\/handbuch-fuer-camaeleon-redakteure\/wie-steige-ich-ich-den-artikel-ein-teaser-bzw-erster-absatz\/","og_locale":"en_US","og_type":"article","og_title":"Wie steige ich ich den Artikel ein? (Teaser bzw. erster Absatz) - Cam\u00e4l\u00e9on","og_description":"Gib dir mit dem ersten Satz (den ersten W\u00f6rtern) besonders viel M\u00fche. Denn der Einstieg entscheidet dar\u00fcber, ob das Interesse des Lesers geweckt wird. Du k\u00fcndigst dabei ein, von welchem Thema der Text handelt. Dabei solltest du aber darauf achten, dass du nicht gleich alles Wissenwerte am Anfang verr\u00e4tst.","og_url":"https:\/\/www.camaeleon.org\/en\/handbuch-fuer-camaeleon-redakteure\/wie-steige-ich-ich-den-artikel-ein-teaser-bzw-erster-absatz\/","og_site_name":"Cam\u00e4l\u00e9on","article_publisher":"https:\/\/www.facebook.com\/camaeleon.org\/","article_modified_time":"2025-01-01T20:43:03+00:00","twitter_card":"summary_large_image","twitter_site":"@camaeleonOrg","schema":{"@context":"https:\/\/schema.org","@graph":[{"@type":"WebPage","@id":"https:\/\/www.camaeleon.org\/en\/handbuch-fuer-camaeleon-redakteure\/wie-steige-ich-ich-den-artikel-ein-teaser-bzw-erster-absatz\/","url":"https:\/\/www.camaeleon.org\/en\/handbuch-fuer-camaeleon-redakteure\/wie-steige-ich-ich-den-artikel-ein-teaser-bzw-erster-absatz\/","name":"Wie steige ich ich den Artikel ein? (Teaser bzw. erster Absatz) - Cam\u00e4l\u00e9on","isPartOf":{"@id":"https:\/\/www.camaeleon.org\/en\/#website"},"datePublished":"2016-02-21T14:38:50+00:00","dateModified":"2025-01-01T20:43:03+00:00","breadcrumb":{"@id":"https:\/\/www.camaeleon.org\/en\/handbuch-fuer-camaeleon-redakteure\/wie-steige-ich-ich-den-artikel-ein-teaser-bzw-erster-absatz\/#breadcrumb"},"inLanguage":"en-US"},{"@type":"WebSite","@id":"https:\/\/www.camaeleon.org\/en\/#website","url":"https:\/\/www.camaeleon.org\/en\/","name":"Cam\u00e4l\u00e9on","description":"The online student magazine by Deutsch-Franz\u00f6sisches Gymnasium Saarbr\u00fccken","publisher":{"@id":"https:\/\/www.camaeleon.org\/en\/#organization"},"potentialAction":[{"@type":"SearchAction","target":{"@type":"EntryPoint","urlTemplate":"https:\/\/www.camaeleon.org\/en\/?s={search_term_string}"},"query-input":{"@type":"PropertyValueSpecification","valueRequired":true,"valueName":"search_term_string"}}],"inLanguage":"en-US"},{"@type":"Organization","@id":"https:\/\/www.camaeleon.org\/en\/#organization","name":"Cam\u00e4l\u00e9on","url":"https:\/\/www.camaeleon.org\/en\/","logo":{"@type":"ImageObject","inLanguage":"en-US","@id":"https:\/\/www.camaeleon.org\/en\/#\/schema\/logo\/image\/","url":"https:\/\/www.camaeleon.org\/wp-content\/uploads\/2011\/11\/CAM\u00c4LEON.jpg","contentUrl":"https:\/\/www.camaeleon.org\/wp-content\/uploads\/2011\/11\/CAM\u00c4LEON.jpg","width":959,"height":959,"caption":"Cam\u00e4l\u00e9on"},"image":{"@id":"https:\/\/www.camaeleon.org\/en\/#\/schema\/logo\/image\/"},"sameAs":["https:\/\/www.facebook.com\/camaeleon.org\/","https:\/\/x.com\/camaeleonOrg","https:\/\/www.instagram.com\/camaeleon.dfg\/","https:\/\/www.youtube.com\/channel\/UCl3TAUDdGuu_c7CD6ax6hYg"]}]}},"_links":{"self":[{"href":"https:\/\/www.camaeleon.org\/en\/wp-json\/wp\/v2\/pages\/11093","targetHints":{"allow":["GET"]}}],"collection":[{"href":"https:\/\/www.camaeleon.org\/en\/wp-json\/wp\/v2\/pages"}],"about":[{"href":"https:\/\/www.camaeleon.org\/en\/wp-json\/wp\/v2\/types\/page"}],"author":[{"embeddable":true,"href":"https:\/\/www.camaeleon.org\/en\/wp-json\/wp\/v2\/users\/112"}],"replies":[{"embeddable":true,"href":"https:\/\/www.camaeleon.org\/en\/wp-json\/wp\/v2\/comments?post=11093"}],"version-history":[{"count":4,"href":"https:\/\/www.camaeleon.org\/en\/wp-json\/wp\/v2\/pages\/11093\/revisions"}],"predecessor-version":[{"id":31823,"href":"https:\/\/www.camaeleon.org\/en\/wp-json\/wp\/v2\/pages\/11093\/revisions\/31823"}],"up":[{"embeddable":true,"href":"https:\/\/www.camaeleon.org\/en\/wp-json\/wp\/v2\/pages\/11080"}],"wp:attachment":[{"href":"https:\/\/www.camaeleon.org\/en\/wp-json\/wp\/v2\/media?parent=11093"}],"wp:term":[{"taxonomy":"author","embeddable":true,"href":"https:\/\/www.camaeleon.org\/en\/wp-json\/wp\/v2\/coauthors?post=11093"}],"curies":[{"name":"wp","href":"https:\/\/api.w.org\/{rel}","templated":true}]}}