{"id":60,"date":"2011-07-12T01:50:29","date_gmt":"2011-07-12T01:50:29","guid":{"rendered":"http:\/\/www.camaeleon.org\/?page_id=60"},"modified":"2026-04-17T20:08:01","modified_gmt":"2026-04-17T18:08:01","slug":"redaction","status":"publish","type":"page","link":"https:\/\/www.camaeleon.org\/de\/redaction\/","title":{"rendered":"\u00dcber uns"},"content":{"rendered":"<p>Wir sind Cam\u00e4l\u00e9on, das Online-Sch\u00fclermagazin des <a href=\"https:\/\/dfg-lfa.org\/\"><strong>Deutsch-Franz\u00f6sischen Gymnasiums Saarbr\u00fccken<\/strong><\/a>. 2011 sind wir gestartet, somit gibt es uns schon eine ganze Weile.<\/p>\n<p>Wir befassen uns mit allem M\u00f6glichen: dem DFG, Saarbr\u00fccken, SaarLorLux, Europa, der gesamten Welt \u2013 in drei verschiedenen Sprachen: Deutsch, Franz\u00f6sisch und Englisch. Drei, genauso viele wie die Arten unserer Beitr\u00e4ge: Artikel, Podcasts und Videos. \u00dcber 800 Beitr\u00e4ge sind in den vergangenen 14 Jahren zusammengekommen.<\/p>\n<h4 style=\"text-align: center;\">Redakteur*innen<\/h4>\n\n\n\n\n\n\n\n\n\n\n\n\n\n\n<h4 style=\"text-align: center;\"><strong>Betreuungslehrer*innen<\/strong><\/h4>\n\n\n<p>Unsere Redaktion besteht aus DFG-Sch\u00fclerinnen und -Sch\u00fclern, welche von zwei Lehrkr\u00e4ften betreut werden. Ganz unbekannt sind wir auch nicht mehr. \u00dcber die Jahre haben sich einige Preise angesammelt:<\/p>\n<ul>\n<li><a href=\"https:\/\/www.camaeleon.org\/de\/2012\/06\/18\/camaleon-fait-partie-des-meilleurs-projets-pedagogiques-de-sarre\/\">Preis des Regionalverbands f\u00fcr p\u00e4dagogische Projekte, 2012<\/a><\/li>\n<li><a href=\"https:\/\/dfg-lfa.org\/2012\/12\/medien-preis-fur-camaleon\/\">SALU-Preis f\u00fcr mediengest\u00fctztes Lernen, 2012<\/a><\/li>\n<li><a href=\"https:\/\/www.camaeleon.org\/de\/2016\/06\/10\/axel-buchholz-preis\/\">Axel Buchholz Preis in der Kategorie &#8222;Europa&#8220;, 2016<\/a><\/li>\n<li><a href=\"https:\/\/www.camaeleon.org\/de\/2018\/06\/15\/camaeleon-schon-wieder-preistraeger-der-digisaar-preis\/\">Preis digiSAAR, 2018<\/a><\/li>\n<li><a href=\"https:\/\/www.camaeleon.org\/de\/2018\/05\/19\/oops-we-did-it-again-prix-axel-buchholz-2018-remporte-par-camaleon\/\">Axel Buchholz Preis in der Kategorie &#8222;Online\/Digital&#8220;, 2018<\/a><\/li>\n<li><a href=\"https:\/\/www.camaeleon.org\/de\/2019\/05\/25\/axel-buchholz-preis-zum-dritten\/\">Axel Buchholz Preis in den Kategorien &#8222;Online\/Digital&#8220;, &#8222;Courage&#8220; &amp; &#8222;Jungjournalist&#8220; 2019<\/a><\/li>\n<li><a href=\"https:\/\/dfg-lfa.org\/2019\/04\/camaeleon-preistraeger-bei-mediatiks-international-2019\/\">Prix M\u00e9diatiks International, 2019<\/a><\/li>\n<li><a href=\"https:\/\/dfg-lfa.org\/2020\/06\/prix-mediatiks-international-2020-encouragements-pour-camaeleon\/\">Prix M\u00e9diatiks International, 2020<\/a><\/li>\n<li><a href=\"https:\/\/www.camaeleon.org\/de\/2021\/04\/28\/das-wort-der-woche-hurra\/\">Prix M\u00e9diatiks International, 2021<\/a><\/li>\n<li><a href=\"https:\/\/www.camaeleon.org\/de\/2021\/04\/28\/das-wort-der-woche-hurra\/\">Prix M\u00e9diatiks International, Kategorie &#8222;Foto-Reportage&#8220;, 2021<\/a><\/li>\n<li><a href=\"https:\/\/www.camaeleon.org\/de\/2022\/07\/14\/axel-buchholz-preis-fur-camaleon\/\">Axel Buchholz Preis in der Kategorien &#8222;Sozialpreis&#8220; &amp; &#8222;Europa&#8220;, 2021<\/a><\/li>\n<li><a href=\"https:\/\/www.camaeleon.org\/de\/2022\/04\/30\/le-mot-de-la-semaine-1er-prix-mediatiks-pour-camaleon\/\">Prix M\u00e9diatiks International, 2022<\/a><\/li>\n<li><a href=\"https:\/\/www.camaeleon.org\/de\/2023\/03\/10\/grosse-freude-drei-axel-buchholz-preise-fuer-camaeleon\/\">Axel Buchholz Preis in den Kategorien &#8222;Medienprojekt&#8220;, &#8222;Courage&#8220; &amp; &#8222;Sozialpreis&#8220; 2022<\/a><\/li>\n<li><a href=\"https:\/\/dfg-lfa.org\/2023\/05\/mediatiks-preis-fuer-schulen-im-ausland-camaeleon-im-finale\/\">Mention sp\u00e9ciale, Prix M\u00e9diatiks International, 2023<\/a><\/li>\n<li><a href=\"https:\/\/www.camaeleon.org\/de\/2024\/03\/15\/axel-buchholz-preis-besondere-auszeichnung-fuer-camaeleon-journalistin-anouk-viero\/\">Axel Buchholz Preis in der Kategorie &#8222;Courage&#8220;, 2023<\/a><\/li>\n<li><a href=\"https:\/\/www.camaeleon.org\/de\/2024\/05\/20\/mediatiks-2024-etablissements-a-letranger-1er-prix-pour-camaeleon\/\">Prix M\u00e9diatiks \u00c9tranger, 2024<\/a><\/li>\n<li><a href=\"https:\/\/www.camaeleon.org\/de\/2025\/05\/09\/axel-buchholz-preis-2025-fuer-camaeleon\/\">Axel Buchholz Preis in der Kategorie &#8222;Sport&#8220;, 2025<\/a><\/li>\n<\/ul>\n<p><strong>Du willst bei uns mitmachen? Dann schau <a href=\"https:\/\/www.camaeleon.org\/de\/contact\/comment-participer\/\">hier<\/a> nach.<\/strong><\/p>","protected":false},"excerpt":{"rendered":"<p>Wir sind Cam\u00e4l\u00e9on, das Online-Sch\u00fclermagazin des Deutsch-Franz\u00f6sischen Gymnasiums Saarbr\u00fccken. 2011 sind wir gestartet, somit gibt es uns schon eine ganze Weile. Wir befassen uns mit<\/p>\n","protected":false},"author":112,"featured_media":0,"parent":0,"menu_order":2,"comment_status":"closed","ping_status":"closed","template":"","meta":{"colormag_page_container_layout":"default_layout","colormag_page_sidebar_layout":"default_layout","footnotes":""},"coauthors":[748],"class_list":["post-60","page","type-page","status-publish","hentry"],"yoast_head":"<!-- This site is optimized with the Yoast SEO plugin v27.4 - https:\/\/yoast.com\/product\/yoast-seo-wordpress\/ -->\n<title>\u00dcber uns - Cam\u00e4l\u00e9on<\/title>\n<meta name=\"robots\" content=\"index, follow, max-snippet:-1, max-image-preview:large, max-video-preview:-1\" \/>\n<link rel=\"canonical\" href=\"https:\/\/www.camaeleon.org\/de\/redaction\/\" \/>\n<meta property=\"og:locale\" content=\"de_DE\" \/>\n<meta property=\"og:type\" content=\"article\" \/>\n<meta property=\"og:title\" content=\"\u00dcber uns - Cam\u00e4l\u00e9on\" \/>\n<meta property=\"og:description\" content=\"Wir sind Cam\u00e4l\u00e9on, das Online-Sch\u00fclermagazin des Deutsch-Franz\u00f6sischen Gymnasiums Saarbr\u00fccken. 2011 sind wir gestartet, somit gibt es uns schon eine ganze Weile. Wir befassen uns mit\" \/>\n<meta property=\"og:url\" content=\"https:\/\/www.camaeleon.org\/de\/redaction\/\" \/>\n<meta property=\"og:site_name\" content=\"Cam\u00e4l\u00e9on\" \/>\n<meta property=\"article:publisher\" content=\"https:\/\/www.facebook.com\/camaeleon.org\/\" \/>\n<meta property=\"article:modified_time\" content=\"2026-04-17T18:08:01+00:00\" \/>\n<meta property=\"og:image\" content=\"https:\/\/www.camaeleon.org\/wp-content\/uploads\/2021\/12\/camaeleon-app-startbild-Kopie-scaled.jpg\" \/>\n\t<meta property=\"og:image:width\" content=\"1707\" \/>\n\t<meta property=\"og:image:height\" content=\"2560\" \/>\n\t<meta property=\"og:image:type\" content=\"image\/jpeg\" \/>\n<meta name=\"twitter:card\" content=\"summary_large_image\" \/>\n<meta name=\"twitter:site\" content=\"@camaeleonOrg\" \/>\n<script type=\"application\/ld+json\" class=\"yoast-schema-graph\">{\"@context\":\"https:\\\/\\\/schema.org\",\"@graph\":[{\"@type\":\"WebPage\",\"@id\":\"https:\\\/\\\/www.camaeleon.org\\\/de\\\/redaction\\\/\",\"url\":\"https:\\\/\\\/www.camaeleon.org\\\/de\\\/redaction\\\/\",\"name\":\"\u00dcber uns - Cam\u00e4l\u00e9on\",\"isPartOf\":{\"@id\":\"https:\\\/\\\/www.camaeleon.org\\\/de\\\/#website\"},\"datePublished\":\"2011-07-12T01:50:29+00:00\",\"dateModified\":\"2026-04-17T18:08:01+00:00\",\"breadcrumb\":{\"@id\":\"https:\\\/\\\/www.camaeleon.org\\\/de\\\/redaction\\\/#breadcrumb\"},\"inLanguage\":\"de\",\"potentialAction\":[{\"@type\":\"ReadAction\",\"target\":[[\"https:\\\/\\\/www.camaeleon.org\\\/de\\\/redaction\\\/\"]]}]},{\"@type\":\"BreadcrumbList\",\"@id\":\"https:\\\/\\\/www.camaeleon.org\\\/de\\\/redaction\\\/#breadcrumb\",\"itemListElement\":[{\"@type\":\"ListItem\",\"position\":1,\"name\":\"Home\",\"item\":\"https:\\\/\\\/www.camaeleon.org\\\/de\\\/\"},{\"@type\":\"ListItem\",\"position\":2,\"name\":\"\u00dcber uns\"}]},{\"@type\":\"WebSite\",\"@id\":\"https:\\\/\\\/www.camaeleon.org\\\/de\\\/#website\",\"url\":\"https:\\\/\\\/www.camaeleon.org\\\/de\\\/\",\"name\":\"Cam\u00e4l\u00e9on\",\"description\":\"Das Sch\u00fclermagazin des Deutsch-Franz\u00f6sischen Gymnasiums Saarbr\u00fccken\",\"publisher\":{\"@id\":\"https:\\\/\\\/www.camaeleon.org\\\/de\\\/#organization\"},\"potentialAction\":[{\"@type\":\"SearchAction\",\"target\":{\"@type\":\"EntryPoint\",\"urlTemplate\":\"https:\\\/\\\/www.camaeleon.org\\\/de\\\/?s={search_term_string}\"},\"query-input\":{\"@type\":\"PropertyValueSpecification\",\"valueRequired\":true,\"valueName\":\"search_term_string\"}}],\"inLanguage\":\"de\"},{\"@type\":\"Organization\",\"@id\":\"https:\\\/\\\/www.camaeleon.org\\\/de\\\/#organization\",\"name\":\"Cam\u00e4l\u00e9on\",\"url\":\"https:\\\/\\\/www.camaeleon.org\\\/de\\\/\",\"logo\":{\"@type\":\"ImageObject\",\"inLanguage\":\"de\",\"@id\":\"https:\\\/\\\/www.camaeleon.org\\\/de\\\/#\\\/schema\\\/logo\\\/image\\\/\",\"url\":\"https:\\\/\\\/www.camaeleon.org\\\/wp-content\\\/uploads\\\/2011\\\/11\\\/CAM\u00c4LEON.jpg\",\"contentUrl\":\"https:\\\/\\\/www.camaeleon.org\\\/wp-content\\\/uploads\\\/2011\\\/11\\\/CAM\u00c4LEON.jpg\",\"width\":959,\"height\":959,\"caption\":\"Cam\u00e4l\u00e9on\"},\"image\":{\"@id\":\"https:\\\/\\\/www.camaeleon.org\\\/de\\\/#\\\/schema\\\/logo\\\/image\\\/\"},\"sameAs\":[\"https:\\\/\\\/www.facebook.com\\\/camaeleon.org\\\/\",\"https:\\\/\\\/x.com\\\/camaeleonOrg\",\"https:\\\/\\\/www.instagram.com\\\/camaeleon.dfg\\\/\",\"https:\\\/\\\/www.youtube.com\\\/channel\\\/UCl3TAUDdGuu_c7CD6ax6hYg\"]}]}<\/script>\n<!-- \/ Yoast SEO plugin. -->","yoast_head_json":{"title":"\u00dcber uns - Cam\u00e4l\u00e9on","robots":{"index":"index","follow":"follow","max-snippet":"max-snippet:-1","max-image-preview":"max-image-preview:large","max-video-preview":"max-video-preview:-1"},"canonical":"https:\/\/www.camaeleon.org\/de\/redaction\/","og_locale":"de_DE","og_type":"article","og_title":"\u00dcber uns - Cam\u00e4l\u00e9on","og_description":"Wir sind Cam\u00e4l\u00e9on, das Online-Sch\u00fclermagazin des Deutsch-Franz\u00f6sischen Gymnasiums Saarbr\u00fccken. 2011 sind wir gestartet, somit gibt es uns schon eine ganze Weile. Wir befassen uns mit","og_url":"https:\/\/www.camaeleon.org\/de\/redaction\/","og_site_name":"Cam\u00e4l\u00e9on","article_publisher":"https:\/\/www.facebook.com\/camaeleon.org\/","article_modified_time":"2026-04-17T18:08:01+00:00","og_image":[{"width":1707,"height":2560,"url":"https:\/\/www.camaeleon.org\/wp-content\/uploads\/2021\/12\/camaeleon-app-startbild-Kopie-scaled.jpg","type":"image\/jpeg"}],"twitter_card":"summary_large_image","twitter_site":"@camaeleonOrg","schema":{"@context":"https:\/\/schema.org","@graph":[{"@type":"WebPage","@id":"https:\/\/www.camaeleon.org\/de\/redaction\/","url":"https:\/\/www.camaeleon.org\/de\/redaction\/","name":"\u00dcber uns - Cam\u00e4l\u00e9on","isPartOf":{"@id":"https:\/\/www.camaeleon.org\/de\/#website"},"datePublished":"2011-07-12T01:50:29+00:00","dateModified":"2026-04-17T18:08:01+00:00","breadcrumb":{"@id":"https:\/\/www.camaeleon.org\/de\/redaction\/#breadcrumb"},"inLanguage":"de","potentialAction":[{"@type":"ReadAction","target":[["https:\/\/www.camaeleon.org\/de\/redaction\/"]]}]},{"@type":"BreadcrumbList","@id":"https:\/\/www.camaeleon.org\/de\/redaction\/#breadcrumb","itemListElement":[{"@type":"ListItem","position":1,"name":"Home","item":"https:\/\/www.camaeleon.org\/de\/"},{"@type":"ListItem","position":2,"name":"\u00dcber uns"}]},{"@type":"WebSite","@id":"https:\/\/www.camaeleon.org\/de\/#website","url":"https:\/\/www.camaeleon.org\/de\/","name":"Cam\u00e4l\u00e9on","description":"Das Sch\u00fclermagazin des Deutsch-Franz\u00f6sischen Gymnasiums Saarbr\u00fccken","publisher":{"@id":"https:\/\/www.camaeleon.org\/de\/#organization"},"potentialAction":[{"@type":"SearchAction","target":{"@type":"EntryPoint","urlTemplate":"https:\/\/www.camaeleon.org\/de\/?s={search_term_string}"},"query-input":{"@type":"PropertyValueSpecification","valueRequired":true,"valueName":"search_term_string"}}],"inLanguage":"de"},{"@type":"Organization","@id":"https:\/\/www.camaeleon.org\/de\/#organization","name":"Cam\u00e4l\u00e9on","url":"https:\/\/www.camaeleon.org\/de\/","logo":{"@type":"ImageObject","inLanguage":"de","@id":"https:\/\/www.camaeleon.org\/de\/#\/schema\/logo\/image\/","url":"https:\/\/www.camaeleon.org\/wp-content\/uploads\/2011\/11\/CAM\u00c4LEON.jpg","contentUrl":"https:\/\/www.camaeleon.org\/wp-content\/uploads\/2011\/11\/CAM\u00c4LEON.jpg","width":959,"height":959,"caption":"Cam\u00e4l\u00e9on"},"image":{"@id":"https:\/\/www.camaeleon.org\/de\/#\/schema\/logo\/image\/"},"sameAs":["https:\/\/www.facebook.com\/camaeleon.org\/","https:\/\/x.com\/camaeleonOrg","https:\/\/www.instagram.com\/camaeleon.dfg\/","https:\/\/www.youtube.com\/channel\/UCl3TAUDdGuu_c7CD6ax6hYg"]}]}},"_links":{"self":[{"href":"https:\/\/www.camaeleon.org\/de\/wp-json\/wp\/v2\/pages\/60","targetHints":{"allow":["GET"]}}],"collection":[{"href":"https:\/\/www.camaeleon.org\/de\/wp-json\/wp\/v2\/pages"}],"about":[{"href":"https:\/\/www.camaeleon.org\/de\/wp-json\/wp\/v2\/types\/page"}],"author":[{"embeddable":true,"href":"https:\/\/www.camaeleon.org\/de\/wp-json\/wp\/v2\/users\/112"}],"replies":[{"embeddable":true,"href":"https:\/\/www.camaeleon.org\/de\/wp-json\/wp\/v2\/comments?post=60"}],"version-history":[{"count":116,"href":"https:\/\/www.camaeleon.org\/de\/wp-json\/wp\/v2\/pages\/60\/revisions"}],"predecessor-version":[{"id":33890,"href":"https:\/\/www.camaeleon.org\/de\/wp-json\/wp\/v2\/pages\/60\/revisions\/33890"}],"wp:attachment":[{"href":"https:\/\/www.camaeleon.org\/de\/wp-json\/wp\/v2\/media?parent=60"}],"wp:term":[{"taxonomy":"author","embeddable":true,"href":"https:\/\/www.camaeleon.org\/de\/wp-json\/wp\/v2\/coauthors?post=60"}],"curies":[{"name":"wp","href":"https:\/\/api.w.org\/{rel}","templated":true}]}}