{"id":17793,"date":"2019-01-21T23:15:40","date_gmt":"2019-01-21T22:15:40","guid":{"rendered":"https:\/\/www.camaeleon.org\/?page_id=17793"},"modified":"2024-09-27T14:48:44","modified_gmt":"2024-09-27T12:48:44","slug":"video-checkliste","status":"publish","type":"page","link":"https:\/\/www.camaeleon.org\/de\/handbuch-fuer-camaeleon-redakteure\/video-checkliste\/","title":{"rendered":"Video-Checkliste"},"content":{"rendered":"","protected":true},"excerpt":{"rendered":"","protected":true},"author":112,"featured_media":0,"parent":11080,"menu_order":0,"comment_status":"closed","ping_status":"closed","template":"","meta":{"colormag_page_container_layout":"default_layout","colormag_page_sidebar_layout":"default_layout","footnotes":""},"coauthors":[748],"class_list":["post-17793","page","type-page","status-publish","post-password-required","hentry"],"yoast_head":"<!-- This site is optimized with the Yoast SEO plugin v27.3 - https:\/\/yoast.com\/product\/yoast-seo-wordpress\/ -->\n<title>Video-Checkliste - Cam\u00e4l\u00e9on<\/title>\n<meta name=\"description\" content=\"Avant de soumettre ta vid\u00e9o \u00e0 la publication, assure-toi d&#039;avoir respect\u00e9 les points suivants : r\u00e8gles de base de l&#039;\u00e9criture journalistique, bonne qualit\u00e9 du son et de l&#039;image, choix pertinent du cadrage et des perspectives, voix-off, logo, noms, introduction et conclusion.\" \/>\n<meta name=\"robots\" content=\"index, follow, max-snippet:-1, max-image-preview:large, max-video-preview:-1\" \/>\n<link rel=\"canonical\" href=\"https:\/\/www.camaeleon.org\/de\/handbuch-fuer-camaeleon-redakteure\/video-checkliste\/\" \/>\n<meta property=\"og:locale\" content=\"de_DE\" \/>\n<meta property=\"og:type\" content=\"article\" \/>\n<meta property=\"og:title\" content=\"Video-Checkliste - Cam\u00e4l\u00e9on\" \/>\n<meta property=\"og:description\" content=\"Avant de soumettre ta vid\u00e9o \u00e0 la publication, assure-toi d&#039;avoir respect\u00e9 les points suivants : r\u00e8gles de base de l&#039;\u00e9criture journalistique, bonne qualit\u00e9 du son et de l&#039;image, choix pertinent du cadrage et des perspectives, voix-off, logo, noms, introduction et conclusion.\" \/>\n<meta property=\"og:url\" content=\"https:\/\/www.camaeleon.org\/de\/handbuch-fuer-camaeleon-redakteure\/video-checkliste\/\" \/>\n<meta property=\"og:site_name\" content=\"Cam\u00e4l\u00e9on\" \/>\n<meta property=\"article:publisher\" content=\"https:\/\/www.facebook.com\/camaeleon.org\/\" \/>\n<meta property=\"article:modified_time\" content=\"2024-09-27T12:48:44+00:00\" \/>\n<meta name=\"twitter:card\" content=\"summary_large_image\" \/>\n<meta name=\"twitter:site\" content=\"@camaeleonOrg\" \/>\n<script type=\"application\/ld+json\" class=\"yoast-schema-graph\">{\"@context\":\"https:\\\/\\\/schema.org\",\"@graph\":[{\"@type\":\"WebPage\",\"@id\":\"https:\\\/\\\/www.camaeleon.org\\\/de\\\/handbuch-fuer-camaeleon-redakteure\\\/video-checkliste\\\/\",\"url\":\"https:\\\/\\\/www.camaeleon.org\\\/de\\\/handbuch-fuer-camaeleon-redakteure\\\/video-checkliste\\\/\",\"name\":\"Video-Checkliste - Cam\u00e4l\u00e9on\",\"isPartOf\":{\"@id\":\"https:\\\/\\\/www.camaeleon.org\\\/de\\\/#website\"},\"datePublished\":\"2019-01-21T22:15:40+00:00\",\"dateModified\":\"2024-09-27T12:48:44+00:00\",\"breadcrumb\":{\"@id\":\"https:\\\/\\\/www.camaeleon.org\\\/de\\\/handbuch-fuer-camaeleon-redakteure\\\/video-checkliste\\\/#breadcrumb\"},\"inLanguage\":\"de\"},{\"@type\":\"WebSite\",\"@id\":\"https:\\\/\\\/www.camaeleon.org\\\/de\\\/#website\",\"url\":\"https:\\\/\\\/www.camaeleon.org\\\/de\\\/\",\"name\":\"Cam\u00e4l\u00e9on\",\"description\":\"Das Sch\u00fclermagazin des Deutsch-Franz\u00f6sischen Gymnasiums Saarbr\u00fccken\",\"publisher\":{\"@id\":\"https:\\\/\\\/www.camaeleon.org\\\/de\\\/#organization\"},\"potentialAction\":[{\"@type\":\"SearchAction\",\"target\":{\"@type\":\"EntryPoint\",\"urlTemplate\":\"https:\\\/\\\/www.camaeleon.org\\\/de\\\/?s={search_term_string}\"},\"query-input\":{\"@type\":\"PropertyValueSpecification\",\"valueRequired\":true,\"valueName\":\"search_term_string\"}}],\"inLanguage\":\"de\"},{\"@type\":\"Organization\",\"@id\":\"https:\\\/\\\/www.camaeleon.org\\\/de\\\/#organization\",\"name\":\"Cam\u00e4l\u00e9on\",\"url\":\"https:\\\/\\\/www.camaeleon.org\\\/de\\\/\",\"logo\":{\"@type\":\"ImageObject\",\"inLanguage\":\"de\",\"@id\":\"https:\\\/\\\/www.camaeleon.org\\\/de\\\/#\\\/schema\\\/logo\\\/image\\\/\",\"url\":\"https:\\\/\\\/www.camaeleon.org\\\/wp-content\\\/uploads\\\/2011\\\/11\\\/CAM\u00c4LEON.jpg\",\"contentUrl\":\"https:\\\/\\\/www.camaeleon.org\\\/wp-content\\\/uploads\\\/2011\\\/11\\\/CAM\u00c4LEON.jpg\",\"width\":959,\"height\":959,\"caption\":\"Cam\u00e4l\u00e9on\"},\"image\":{\"@id\":\"https:\\\/\\\/www.camaeleon.org\\\/de\\\/#\\\/schema\\\/logo\\\/image\\\/\"},\"sameAs\":[\"https:\\\/\\\/www.facebook.com\\\/camaeleon.org\\\/\",\"https:\\\/\\\/x.com\\\/camaeleonOrg\",\"https:\\\/\\\/www.instagram.com\\\/camaeleon.dfg\\\/\",\"https:\\\/\\\/www.youtube.com\\\/channel\\\/UCl3TAUDdGuu_c7CD6ax6hYg\"]}]}<\/script>\n<!-- \/ Yoast SEO plugin. -->","yoast_head_json":{"title":"Video-Checkliste - Cam\u00e4l\u00e9on","description":"Avant de soumettre ta vid\u00e9o \u00e0 la publication, assure-toi d'avoir respect\u00e9 les points suivants : r\u00e8gles de base de l'\u00e9criture journalistique, bonne qualit\u00e9 du son et de l'image, choix pertinent du cadrage et des perspectives, voix-off, logo, noms, introduction et conclusion.","robots":{"index":"index","follow":"follow","max-snippet":"max-snippet:-1","max-image-preview":"max-image-preview:large","max-video-preview":"max-video-preview:-1"},"canonical":"https:\/\/www.camaeleon.org\/de\/handbuch-fuer-camaeleon-redakteure\/video-checkliste\/","og_locale":"de_DE","og_type":"article","og_title":"Video-Checkliste - Cam\u00e4l\u00e9on","og_description":"Avant de soumettre ta vid\u00e9o \u00e0 la publication, assure-toi d'avoir respect\u00e9 les points suivants : r\u00e8gles de base de l'\u00e9criture journalistique, bonne qualit\u00e9 du son et de l'image, choix pertinent du cadrage et des perspectives, voix-off, logo, noms, introduction et conclusion.","og_url":"https:\/\/www.camaeleon.org\/de\/handbuch-fuer-camaeleon-redakteure\/video-checkliste\/","og_site_name":"Cam\u00e4l\u00e9on","article_publisher":"https:\/\/www.facebook.com\/camaeleon.org\/","article_modified_time":"2024-09-27T12:48:44+00:00","twitter_card":"summary_large_image","twitter_site":"@camaeleonOrg","schema":{"@context":"https:\/\/schema.org","@graph":[{"@type":"WebPage","@id":"https:\/\/www.camaeleon.org\/de\/handbuch-fuer-camaeleon-redakteure\/video-checkliste\/","url":"https:\/\/www.camaeleon.org\/de\/handbuch-fuer-camaeleon-redakteure\/video-checkliste\/","name":"Video-Checkliste - Cam\u00e4l\u00e9on","isPartOf":{"@id":"https:\/\/www.camaeleon.org\/de\/#website"},"datePublished":"2019-01-21T22:15:40+00:00","dateModified":"2024-09-27T12:48:44+00:00","breadcrumb":{"@id":"https:\/\/www.camaeleon.org\/de\/handbuch-fuer-camaeleon-redakteure\/video-checkliste\/#breadcrumb"},"inLanguage":"de"},{"@type":"WebSite","@id":"https:\/\/www.camaeleon.org\/de\/#website","url":"https:\/\/www.camaeleon.org\/de\/","name":"Cam\u00e4l\u00e9on","description":"Das Sch\u00fclermagazin des Deutsch-Franz\u00f6sischen Gymnasiums Saarbr\u00fccken","publisher":{"@id":"https:\/\/www.camaeleon.org\/de\/#organization"},"potentialAction":[{"@type":"SearchAction","target":{"@type":"EntryPoint","urlTemplate":"https:\/\/www.camaeleon.org\/de\/?s={search_term_string}"},"query-input":{"@type":"PropertyValueSpecification","valueRequired":true,"valueName":"search_term_string"}}],"inLanguage":"de"},{"@type":"Organization","@id":"https:\/\/www.camaeleon.org\/de\/#organization","name":"Cam\u00e4l\u00e9on","url":"https:\/\/www.camaeleon.org\/de\/","logo":{"@type":"ImageObject","inLanguage":"de","@id":"https:\/\/www.camaeleon.org\/de\/#\/schema\/logo\/image\/","url":"https:\/\/www.camaeleon.org\/wp-content\/uploads\/2011\/11\/CAM\u00c4LEON.jpg","contentUrl":"https:\/\/www.camaeleon.org\/wp-content\/uploads\/2011\/11\/CAM\u00c4LEON.jpg","width":959,"height":959,"caption":"Cam\u00e4l\u00e9on"},"image":{"@id":"https:\/\/www.camaeleon.org\/de\/#\/schema\/logo\/image\/"},"sameAs":["https:\/\/www.facebook.com\/camaeleon.org\/","https:\/\/x.com\/camaeleonOrg","https:\/\/www.instagram.com\/camaeleon.dfg\/","https:\/\/www.youtube.com\/channel\/UCl3TAUDdGuu_c7CD6ax6hYg"]}]}},"_links":{"self":[{"href":"https:\/\/www.camaeleon.org\/de\/wp-json\/wp\/v2\/pages\/17793","targetHints":{"allow":["GET"]}}],"collection":[{"href":"https:\/\/www.camaeleon.org\/de\/wp-json\/wp\/v2\/pages"}],"about":[{"href":"https:\/\/www.camaeleon.org\/de\/wp-json\/wp\/v2\/types\/page"}],"author":[{"embeddable":true,"href":"https:\/\/www.camaeleon.org\/de\/wp-json\/wp\/v2\/users\/112"}],"replies":[{"embeddable":true,"href":"https:\/\/www.camaeleon.org\/de\/wp-json\/wp\/v2\/comments?post=17793"}],"version-history":[{"count":2,"href":"https:\/\/www.camaeleon.org\/de\/wp-json\/wp\/v2\/pages\/17793\/revisions"}],"predecessor-version":[{"id":31454,"href":"https:\/\/www.camaeleon.org\/de\/wp-json\/wp\/v2\/pages\/17793\/revisions\/31454"}],"up":[{"embeddable":true,"href":"https:\/\/www.camaeleon.org\/de\/wp-json\/wp\/v2\/pages\/11080"}],"wp:attachment":[{"href":"https:\/\/www.camaeleon.org\/de\/wp-json\/wp\/v2\/media?parent=17793"}],"wp:term":[{"taxonomy":"author","embeddable":true,"href":"https:\/\/www.camaeleon.org\/de\/wp-json\/wp\/v2\/coauthors?post=17793"}],"curies":[{"name":"wp","href":"https:\/\/api.w.org\/{rel}","templated":true}]}}